{"id":286,"date":"2016-10-31T13:17:59","date_gmt":"2016-10-31T16:17:59","guid":{"rendered":"https:\/\/isfd11-mis.infd.edu.ar\/sitio\/?page_id=286"},"modified":"2020-03-07T00:23:32","modified_gmt":"2020-03-07T03:23:32","slug":"inicio","status":"publish","type":"page","link":"https:\/\/isfd11-mis.infd.edu.ar\/sitio\/","title":{"rendered":"Inicio"},"content":{"rendered":"<p><em><span style=\"color: #ff0000;\"><span style=\"color: #000000;\">El ISFD informa que el<\/span> CURSILLO\u00a0 de CARRERA DE GEOGRAFIA <span style=\"color: #000000;\">se realizara\u00a0dias 16,18 y 20 de marzo 18 hs.<\/span><\/span><\/em><\/p>\n<p>Las comisiones estan organizadas segun apellidos:<\/p>\n<p>COMISION A:\u00a0 Apellidos A y B asistir el dia: 16\/03\/2020<\/p>\n<p>COMISION B: Apellidos C y D asistir el dia: 16\/03\/2020<\/p>\n<p>COMISION C: Apellidos de la E,F y G asistir el dia: 18\/03\/2020<\/p>\n<p>COMISION D: Apellidos H a M\u00a0 asistir el dia: 18\/03\/2020<\/p>\n<p>COMISION E: Apellidos N a RI (inclusive) asistir el dia 20\/03\/2020<\/p>\n<p>COMISION F: Apellidos que comiencen con el vocablo RO hasta la Z asistir eldia 20\/03\/2020<\/p>\n<p>&nbsp;<\/p>\n<p>&nbsp;<\/p>\n<p>REGLAMENTO ACADEMICO MARCO\u00a0\u00a0 &#8211; RAM<a href=\"https:\/\/isfd11-mis.infd.edu.ar\/sitio\/wp-content\/uploads\/2019\/10\/RES051MCECyT27MAR2019_compressed.pdf\">\u00a0 RES051MCECyT27MAR2019_compressed<\/a>&#8211;\u00a0 &lt;&lt;&lt;&lt;&#8212; hacer click aqui.<\/p>\n<p>&nbsp;<\/p>\n<p>&nbsp;<\/p>\n<p>.<img decoding=\"async\" title=\"ima 25 may 1\" src=\"https:\/\/isfd11-mis.infd.edu.ar\/sitio\/wp-content\/uploads\/2018\/08\/IMG_20170525_094416.jpg\" alt=\"ima 25 may 1\" border=\"0\" \/><\/p>\n<table id=\"table1\" style=\"width: 500px; margin-left: auto; margin-right: auto;\" border=\"1\" cellspacing=\"0\" cellpadding=\"10\" align=\"center\">\n<tbody>\n<tr>\n<td style=\"border: 1px solid;\"><span style=\"font-size: 10pt; color: black; font-family: Verdana;\">E<\/span><span style=\"font-size: 10pt; color: black; font-family: Verdana;\">ste Instituto Superior de Formaci\u00f3n Docente forma parte del sistema <\/span><\/p>\n<p><span style=\"font-size: 10pt; color: black; font-family: Verdana;\">de educaci\u00f3n p\u00fablica de gesti\u00f3n estatal.<\/span><\/p>\n<p><span style=\"font-size: 10pt; color: black; font-family: Verdana;\">A trav\u00e9s de este sitio en Internet, nuestro Instituto podr\u00e1 comunicar novedades, acercar informaci\u00f3n, compartir experiencias y brindar apoyo y asesoramiento a\u00a0alumnos, docentes e interesados en formar parte de esta comunidad educativa.<\/span><\/p>\n<p><span style=\"font-size: 14pt; color: black; font-family: Verdana;\"><img decoding=\"async\" src=\"http:\/\/esitarlt.cba.infd.edu.ar\/sitio\/upload\/img\/la_red.jpg\" alt=\"Red virtual\" align=\"left\" border=\"0\" hspace=\"10\" \/><\/span><span style=\"font-size: 10pt; color: black; font-family: Verdana;\">Junto con varios cientos de Institutos, integramos la <strong><em><span style=\"font-family: Verdana;\">Red\u00a0Virtual de Institutos Superiores de Formaci\u00f3n Docente<\/span><\/em><\/strong>\u00a0coordinada por el <strong><span style=\"font-family: Verdana;\">INFD<\/span><\/strong> (Instituto Nacional de Formaci\u00f3n Docente) dependiente del Ministerio de Educaci\u00f3n de la Naci\u00f3n Argentina.<\/span><\/td>\n<\/tr>\n<\/tbody>\n<\/table>\n","protected":false},"excerpt":{"rendered":"<p>El ISFD informa que el CURSILLO\u00a0 de CARRERA DE GEOGRAFIA se realizara\u00a0dias 16,18 y 20 de marzo 18 hs. Las comisiones estan organizadas segun apellidos: COMISION A:\u00a0 Apellidos A y B asistir el dia: 16\/03\/2020 COMISION B: Apellidos C y D asistir el dia: 16\/03\/2020 COMISION C: Apellidos de la E,F y G asistir el &#8230; <a title=\"Inicio\" class=\"read-more\" href=\"https:\/\/isfd11-mis.infd.edu.ar\/sitio\/\" aria-label=\"More on Inicio\">[+]<\/a><\/p>\n","protected":false},"author":1,"featured_media":0,"parent":0,"menu_order":0,"comment_status":"closed","ping_status":"closed","template":"","meta":[],"acf":[],"_links":{"self":[{"href":"https:\/\/isfd11-mis.infd.edu.ar\/sitio\/wp-json\/wp\/v2\/pages\/286"}],"collection":[{"href":"https:\/\/isfd11-mis.infd.edu.ar\/sitio\/wp-json\/wp\/v2\/pages"}],"about":[{"href":"https:\/\/isfd11-mis.infd.edu.ar\/sitio\/wp-json\/wp\/v2\/types\/page"}],"author":[{"embeddable":true,"href":"https:\/\/isfd11-mis.infd.edu.ar\/sitio\/wp-json\/wp\/v2\/users\/1"}],"replies":[{"embeddable":true,"href":"https:\/\/isfd11-mis.infd.edu.ar\/sitio\/wp-json\/wp\/v2\/comments?post=286"}],"version-history":[{"count":111,"href":"https:\/\/isfd11-mis.infd.edu.ar\/sitio\/wp-json\/wp\/v2\/pages\/286\/revisions"}],"predecessor-version":[{"id":1389,"href":"https:\/\/isfd11-mis.infd.edu.ar\/sitio\/wp-json\/wp\/v2\/pages\/286\/revisions\/1389"}],"wp:attachment":[{"href":"https:\/\/isfd11-mis.infd.edu.ar\/sitio\/wp-json\/wp\/v2\/media?parent=286"}],"curies":[{"name":"wp","href":"https:\/\/api.w.org\/{rel}","templated":true}]}}